{"id":95,"date":"2025-10-09T08:58:46","date_gmt":"2025-10-09T08:58:46","guid":{"rendered":"https:\/\/mirjam-bucher-bauer.ch\/?page_id=95"},"modified":"2025-10-09T12:53:16","modified_gmt":"2025-10-09T12:53:16","slug":"eth-hoenggerberg","status":"publish","type":"page","link":"https:\/\/www.mirjam-bucher-bauer.ch\/index.php\/eth-hoenggerberg\/","title":{"rendered":"ETH H\u00f6nggerberg"},"content":{"rendered":"\n<div class=\"wp-block-group alignfull is-style-section-1 has-global-padding is-layout-constrained wp-container-core-group-is-layout-cdf985e3 wp-block-group-is-layout-constrained is-style-section-1--1\" style=\"min-height:100vh;margin-top:0;margin-bottom:0;padding-top:var(--wp--preset--spacing--80);padding-right:var(--wp--preset--spacing--80);padding-bottom:var(--wp--preset--spacing--80);padding-left:var(--wp--preset--spacing--80)\">\n<div class=\"wp-block-columns alignwide are-vertically-aligned-center is-layout-flex wp-container-core-columns-is-layout-643ced6b wp-block-columns-is-layout-flex\">\n<div class=\"wp-block-column is-vertically-aligned-center is-layout-flow wp-block-column-is-layout-flow\">\n<figure class=\"wp-block-image aligncenter size-full has-custom-border\"><img loading=\"lazy\" decoding=\"async\" width=\"1707\" height=\"2560\" src=\"https:\/\/www.mirjam-bucher-bauer.ch\/wp-content\/uploads\/2025\/10\/Pflanzung_Nov_2017-scaled.jpg\" alt=\"\" class=\"wp-image-150\" style=\"border-top-left-radius:150px;border-bottom-right-radius:150px;object-fit:cover\" srcset=\"https:\/\/www.mirjam-bucher-bauer.ch\/wp-content\/uploads\/2025\/10\/Pflanzung_Nov_2017-scaled.jpg 1707w, https:\/\/www.mirjam-bucher-bauer.ch\/wp-content\/uploads\/2025\/10\/Pflanzung_Nov_2017-200x300.jpg 200w, https:\/\/www.mirjam-bucher-bauer.ch\/wp-content\/uploads\/2025\/10\/Pflanzung_Nov_2017-683x1024.jpg 683w, https:\/\/www.mirjam-bucher-bauer.ch\/wp-content\/uploads\/2025\/10\/Pflanzung_Nov_2017-768x1152.jpg 768w, https:\/\/www.mirjam-bucher-bauer.ch\/wp-content\/uploads\/2025\/10\/Pflanzung_Nov_2017-1024x1536.jpg 1024w, https:\/\/www.mirjam-bucher-bauer.ch\/wp-content\/uploads\/2025\/10\/Pflanzung_Nov_2017-1365x2048.jpg 1365w\" sizes=\"auto, (max-width: 1707px) 100vw, 1707px\" \/><\/figure>\n<\/div>\n\n\n\n<div class=\"wp-block-column is-vertically-aligned-center is-layout-flow wp-block-column-is-layout-flow\">\n<div class=\"wp-block-group is-vertical is-content-justification-stretch is-layout-flex wp-container-core-group-is-layout-353c4f5a wp-block-group-is-layout-flex\">\n<p class=\"has-text-align-left\"><\/p>\n\n\n\n<p>Seit 1961 entstehen auf dem 37ha umfassenden Campus der ETH H\u00f6nggerberg in Z\u00fcrich laufend neue Geb\u00e4ude. Das Ensemble der fr\u00fchen baulichen Etappe gilt heute als hochrangiges Zeugnis der Nachkriegsmoderne der Schweiz. Willi Neukom, einer der bedeutendsten Landschaftsarchitekten der Moderne in der Schweiz entwarf hierf\u00fcr die Aussenanlagen.&nbsp;<\/p>\n\n\n\n<p>Die profunde Erforschung der Geschichte der Anlage mittels eines Parkpflegewerkes zusammen mit der Formulierung eines Leitkonzeptes (SMS Landschaftarchitektur Z\u00fcrich) erm\u00f6glichen es, die wertvollen Teilbereiche des Campus nun schrittweise unter gartendenkmalpflegerischen Gesichtspunkten zu restaurieren und weiter zu entwickeln.&nbsp;<\/p>\n\n\n\n<p><\/p>\n<\/div>\n<\/div>\n<\/div>\n\n\n\n<p>Aufgabe: Pflanzplanung der Beete vor der Mensa im Sinne einer Weiterentwicklung basierend auf den Ideen der Gestaltung von Willi Neukom.<\/p>\n\n\n\n<p>Erstellung der Pflanzung: 2017<\/p>\n\n\n\n<p>Bauherrschaft: ETH Z\u00fcrich<\/p>\n\n\n\n<p>Gesamtplanung und Bauleitung Landschaftsarchitektur: SMS Landschaftsarchitektur Stoffler Mennel Saur, Z\u00fcrich<\/p>\n\n\n\n<figure class=\"wp-block-gallery has-nested-images columns-default is-cropped wp-block-gallery-2 is-layout-flex wp-block-gallery-is-layout-flex\">\n<figure class=\"wp-block-image size-large\"><img loading=\"lazy\" decoding=\"async\" width=\"1024\" height=\"683\" data-id=\"153\" src=\"https:\/\/www.mirjam-bucher-bauer.ch\/wp-content\/uploads\/2025\/10\/Bepflanzung_Mensagarten_ETH_Hoenggerberg_1-1024x683.jpg\" alt=\"\" class=\"wp-image-153\" srcset=\"https:\/\/www.mirjam-bucher-bauer.ch\/wp-content\/uploads\/2025\/10\/Bepflanzung_Mensagarten_ETH_Hoenggerberg_1-1024x683.jpg 1024w, https:\/\/www.mirjam-bucher-bauer.ch\/wp-content\/uploads\/2025\/10\/Bepflanzung_Mensagarten_ETH_Hoenggerberg_1-300x200.jpg 300w, https:\/\/www.mirjam-bucher-bauer.ch\/wp-content\/uploads\/2025\/10\/Bepflanzung_Mensagarten_ETH_Hoenggerberg_1-768x512.jpg 768w, https:\/\/www.mirjam-bucher-bauer.ch\/wp-content\/uploads\/2025\/10\/Bepflanzung_Mensagarten_ETH_Hoenggerberg_1-1536x1024.jpg 1536w, https:\/\/www.mirjam-bucher-bauer.ch\/wp-content\/uploads\/2025\/10\/Bepflanzung_Mensagarten_ETH_Hoenggerberg_1-2048x1365.jpg 2048w\" sizes=\"auto, (max-width: 1024px) 100vw, 1024px\" \/><\/figure>\n\n\n\n<figure class=\"wp-block-image size-large\"><img loading=\"lazy\" decoding=\"async\" width=\"683\" height=\"1024\" data-id=\"152\" src=\"https:\/\/www.mirjam-bucher-bauer.ch\/wp-content\/uploads\/2025\/10\/Bepflanzung_Mensagarten_ETH_Hoenggerberg-683x1024.jpg\" alt=\"\" class=\"wp-image-152\" srcset=\"https:\/\/www.mirjam-bucher-bauer.ch\/wp-content\/uploads\/2025\/10\/Bepflanzung_Mensagarten_ETH_Hoenggerberg-683x1024.jpg 683w, https:\/\/www.mirjam-bucher-bauer.ch\/wp-content\/uploads\/2025\/10\/Bepflanzung_Mensagarten_ETH_Hoenggerberg-200x300.jpg 200w, https:\/\/www.mirjam-bucher-bauer.ch\/wp-content\/uploads\/2025\/10\/Bepflanzung_Mensagarten_ETH_Hoenggerberg-768x1152.jpg 768w, https:\/\/www.mirjam-bucher-bauer.ch\/wp-content\/uploads\/2025\/10\/Bepflanzung_Mensagarten_ETH_Hoenggerberg-1024x1536.jpg 1024w, https:\/\/www.mirjam-bucher-bauer.ch\/wp-content\/uploads\/2025\/10\/Bepflanzung_Mensagarten_ETH_Hoenggerberg-1365x2048.jpg 1365w, https:\/\/www.mirjam-bucher-bauer.ch\/wp-content\/uploads\/2025\/10\/Bepflanzung_Mensagarten_ETH_Hoenggerberg-scaled.jpg 1707w\" sizes=\"auto, (max-width: 683px) 100vw, 683px\" \/><\/figure>\n<\/figure>\n<\/div>\n","protected":false},"excerpt":{"rendered":"<p>Seit 1961 entstehen auf dem 37ha umfassenden Campus der ETH H\u00f6nggerberg in Z\u00fcrich laufend neue Geb\u00e4ude. Das Ensemble der fr\u00fchen baulichen Etappe gilt heute als hochrangiges Zeugnis der Nachkriegsmoderne der Schweiz. Willi Neukom, einer der bedeutendsten Landschaftsarchitekten der Moderne in der Schweiz entwarf hierf\u00fcr die Aussenanlagen.&nbsp; Die profunde Erforschung der Geschichte der Anlage mittels eines [&hellip;]<\/p>\n","protected":false},"author":1,"featured_media":0,"parent":0,"menu_order":0,"comment_status":"closed","ping_status":"closed","template":"","meta":{"footnotes":""},"class_list":["post-95","page","type-page","status-publish","hentry"],"_links":{"self":[{"href":"https:\/\/www.mirjam-bucher-bauer.ch\/index.php\/wp-json\/wp\/v2\/pages\/95","targetHints":{"allow":["GET"]}}],"collection":[{"href":"https:\/\/www.mirjam-bucher-bauer.ch\/index.php\/wp-json\/wp\/v2\/pages"}],"about":[{"href":"https:\/\/www.mirjam-bucher-bauer.ch\/index.php\/wp-json\/wp\/v2\/types\/page"}],"author":[{"embeddable":true,"href":"https:\/\/www.mirjam-bucher-bauer.ch\/index.php\/wp-json\/wp\/v2\/users\/1"}],"replies":[{"embeddable":true,"href":"https:\/\/www.mirjam-bucher-bauer.ch\/index.php\/wp-json\/wp\/v2\/comments?post=95"}],"version-history":[{"count":2,"href":"https:\/\/www.mirjam-bucher-bauer.ch\/index.php\/wp-json\/wp\/v2\/pages\/95\/revisions"}],"predecessor-version":[{"id":154,"href":"https:\/\/www.mirjam-bucher-bauer.ch\/index.php\/wp-json\/wp\/v2\/pages\/95\/revisions\/154"}],"wp:attachment":[{"href":"https:\/\/www.mirjam-bucher-bauer.ch\/index.php\/wp-json\/wp\/v2\/media?parent=95"}],"curies":[{"name":"wp","href":"https:\/\/api.w.org\/{rel}","templated":true}]}}