{"id":93,"date":"2025-10-09T08:58:25","date_gmt":"2025-10-09T08:58:25","guid":{"rendered":"https:\/\/mirjam-bucher-bauer.ch\/?page_id=93"},"modified":"2025-10-09T12:55:07","modified_gmt":"2025-10-09T12:55:07","slug":"senkgarten-museum-fuer-gestaltung","status":"publish","type":"page","link":"https:\/\/www.mirjam-bucher-bauer.ch\/index.php\/senkgarten-museum-fuer-gestaltung\/","title":{"rendered":"Senkgarten Museum f\u00fcr Gestaltung"},"content":{"rendered":"\n<div class=\"wp-block-group alignfull is-style-section-1 has-global-padding is-layout-constrained wp-container-core-group-is-layout-cdf985e3 wp-block-group-is-layout-constrained is-style-section-1--1\" style=\"min-height:100vh;margin-top:0;margin-bottom:0;padding-top:var(--wp--preset--spacing--80);padding-right:var(--wp--preset--spacing--80);padding-bottom:var(--wp--preset--spacing--80);padding-left:var(--wp--preset--spacing--80)\">\n<div class=\"wp-block-columns alignwide are-vertically-aligned-center is-layout-flex wp-container-core-columns-is-layout-643ced6b wp-block-columns-is-layout-flex\">\n<div class=\"wp-block-column is-vertically-aligned-center is-layout-flow wp-block-column-is-layout-flow\">\n<figure class=\"wp-block-image aligncenter size-full is-resized has-custom-border\"><img loading=\"lazy\" decoding=\"async\" width=\"2362\" height=\"1575\" src=\"https:\/\/www.mirjam-bucher-bauer.ch\/wp-content\/uploads\/2025\/10\/Pflanzung_Senkgarten_Museum_fuer_Gestaltung.jpg\" alt=\"\" class=\"wp-image-147\" style=\"border-top-left-radius:150px;border-bottom-right-radius:150px;object-fit:cover;width:458px;height:auto\" srcset=\"https:\/\/www.mirjam-bucher-bauer.ch\/wp-content\/uploads\/2025\/10\/Pflanzung_Senkgarten_Museum_fuer_Gestaltung.jpg 2362w, https:\/\/www.mirjam-bucher-bauer.ch\/wp-content\/uploads\/2025\/10\/Pflanzung_Senkgarten_Museum_fuer_Gestaltung-300x200.jpg 300w, https:\/\/www.mirjam-bucher-bauer.ch\/wp-content\/uploads\/2025\/10\/Pflanzung_Senkgarten_Museum_fuer_Gestaltung-1024x683.jpg 1024w, https:\/\/www.mirjam-bucher-bauer.ch\/wp-content\/uploads\/2025\/10\/Pflanzung_Senkgarten_Museum_fuer_Gestaltung-768x512.jpg 768w, https:\/\/www.mirjam-bucher-bauer.ch\/wp-content\/uploads\/2025\/10\/Pflanzung_Senkgarten_Museum_fuer_Gestaltung-1536x1024.jpg 1536w, https:\/\/www.mirjam-bucher-bauer.ch\/wp-content\/uploads\/2025\/10\/Pflanzung_Senkgarten_Museum_fuer_Gestaltung-2048x1366.jpg 2048w\" sizes=\"auto, (max-width: 2362px) 100vw, 2362px\" \/><\/figure>\n<\/div>\n\n\n\n<div class=\"wp-block-column is-vertically-aligned-center is-layout-flow wp-block-column-is-layout-flow\">\n<div class=\"wp-block-group is-vertical is-content-justification-stretch is-layout-flex wp-container-core-group-is-layout-353c4f5a wp-block-group-is-layout-flex\">\n<p class=\"has-text-align-left\"><\/p>\n\n\n\n<p>Sch\u00f6pfung von Gustav Ammann von 1933 zu einem der ersten grossen \u00f6ffentlichen Bauten der klassischen Moderne Z\u00fcrichs (Architekten Adolf Steger und Karl Egender). Eine artenreiche Pflanzung begleitete das formale Wasserbecken und nimmt inhaltlich Bezug zum Element Wasser.<\/p>\n\n\n\n<p>Im Zuge der Renovation des Geb\u00e4udekomplexes und damit verbundenen Eingriffen im Aussenraum wurde eine Wiederbepflanzung des Senkgartens unter gartendenkmalpflegerischen Gesichtspunkten n\u00f6tig und m\u00f6glich. Die Quellenlage in Bezug auf die Artenzusammensetzung war erfreulich detailliert.<\/p>\n\n\n\n<p><\/p>\n<\/div>\n<\/div>\n<\/div>\n\n\n\n<p>Aufgabe: Pflanzplanung im Sinne einer weitgehenden Wiederherstellung der urspr\u00fcnglichen Gestaltung.<\/p>\n\n\n\n<p>Erstellung der Pflanzung: 2017<\/p>\n\n\n\n<p>Bauherrschaft: Baudirektion Kanton Z\u00fcrich, Hochbauamt Z\u00fcrich<\/p>\n\n\n\n<p>Gesamtplanung und Bauleitung Landschaftsarchitektur: Dr. Johannes Stoffler Landschaftsarchitekten, (heute SMS Landschaftsarchitektur Stoffler Mennel Saur, Z\u00fcrich)<\/p>\n\n\n\n<figure class=\"wp-block-image size-full is-resized\"><img loading=\"lazy\" decoding=\"async\" width=\"2362\" height=\"1575\" src=\"https:\/\/www.mirjam-bucher-bauer.ch\/wp-content\/uploads\/2025\/10\/Senkgarten_Museum_fuer_Gestaltung_vor_Neupflanzung.jpg\" alt=\"\" class=\"wp-image-148\" style=\"width:530px;height:auto\" srcset=\"https:\/\/www.mirjam-bucher-bauer.ch\/wp-content\/uploads\/2025\/10\/Senkgarten_Museum_fuer_Gestaltung_vor_Neupflanzung.jpg 2362w, https:\/\/www.mirjam-bucher-bauer.ch\/wp-content\/uploads\/2025\/10\/Senkgarten_Museum_fuer_Gestaltung_vor_Neupflanzung-300x200.jpg 300w, https:\/\/www.mirjam-bucher-bauer.ch\/wp-content\/uploads\/2025\/10\/Senkgarten_Museum_fuer_Gestaltung_vor_Neupflanzung-1024x683.jpg 1024w, https:\/\/www.mirjam-bucher-bauer.ch\/wp-content\/uploads\/2025\/10\/Senkgarten_Museum_fuer_Gestaltung_vor_Neupflanzung-768x512.jpg 768w, https:\/\/www.mirjam-bucher-bauer.ch\/wp-content\/uploads\/2025\/10\/Senkgarten_Museum_fuer_Gestaltung_vor_Neupflanzung-1536x1024.jpg 1536w, https:\/\/www.mirjam-bucher-bauer.ch\/wp-content\/uploads\/2025\/10\/Senkgarten_Museum_fuer_Gestaltung_vor_Neupflanzung-2048x1366.jpg 2048w\" sizes=\"auto, (max-width: 2362px) 100vw, 2362px\" \/><\/figure>\n<\/div>\n","protected":false},"excerpt":{"rendered":"<p>Sch\u00f6pfung von Gustav Ammann von 1933 zu einem der ersten grossen \u00f6ffentlichen Bauten der klassischen Moderne Z\u00fcrichs (Architekten Adolf Steger und Karl Egender). Eine artenreiche Pflanzung begleitete das formale Wasserbecken und nimmt inhaltlich Bezug zum Element Wasser. Im Zuge der Renovation des Geb\u00e4udekomplexes und damit verbundenen Eingriffen im Aussenraum wurde eine Wiederbepflanzung des Senkgartens unter [&hellip;]<\/p>\n","protected":false},"author":1,"featured_media":0,"parent":0,"menu_order":0,"comment_status":"closed","ping_status":"closed","template":"","meta":{"footnotes":""},"class_list":["post-93","page","type-page","status-publish","hentry"],"_links":{"self":[{"href":"https:\/\/www.mirjam-bucher-bauer.ch\/index.php\/wp-json\/wp\/v2\/pages\/93","targetHints":{"allow":["GET"]}}],"collection":[{"href":"https:\/\/www.mirjam-bucher-bauer.ch\/index.php\/wp-json\/wp\/v2\/pages"}],"about":[{"href":"https:\/\/www.mirjam-bucher-bauer.ch\/index.php\/wp-json\/wp\/v2\/types\/page"}],"author":[{"embeddable":true,"href":"https:\/\/www.mirjam-bucher-bauer.ch\/index.php\/wp-json\/wp\/v2\/users\/1"}],"replies":[{"embeddable":true,"href":"https:\/\/www.mirjam-bucher-bauer.ch\/index.php\/wp-json\/wp\/v2\/comments?post=93"}],"version-history":[{"count":3,"href":"https:\/\/www.mirjam-bucher-bauer.ch\/index.php\/wp-json\/wp\/v2\/pages\/93\/revisions"}],"predecessor-version":[{"id":149,"href":"https:\/\/www.mirjam-bucher-bauer.ch\/index.php\/wp-json\/wp\/v2\/pages\/93\/revisions\/149"}],"wp:attachment":[{"href":"https:\/\/www.mirjam-bucher-bauer.ch\/index.php\/wp-json\/wp\/v2\/media?parent=93"}],"curies":[{"name":"wp","href":"https:\/\/api.w.org\/{rel}","templated":true}]}}