{"id":91,"date":"2025-10-09T08:57:54","date_gmt":"2025-10-09T08:57:54","guid":{"rendered":"https:\/\/mirjam-bucher-bauer.ch\/?page_id=91"},"modified":"2025-10-09T12:54:32","modified_gmt":"2025-10-09T12:54:32","slug":"klinik-schloss-mammern","status":"publish","type":"page","link":"https:\/\/www.mirjam-bucher-bauer.ch\/index.php\/klinik-schloss-mammern\/","title":{"rendered":"Klinik Schloss Mammern"},"content":{"rendered":"\n<div class=\"wp-block-group alignfull is-style-section-1 has-global-padding is-layout-constrained wp-container-core-group-is-layout-cdf985e3 wp-block-group-is-layout-constrained is-style-section-1--1\" style=\"min-height:100vh;margin-top:0;margin-bottom:0;padding-top:var(--wp--preset--spacing--80);padding-right:var(--wp--preset--spacing--80);padding-bottom:var(--wp--preset--spacing--80);padding-left:var(--wp--preset--spacing--80)\">\n<div class=\"wp-block-columns alignwide are-vertically-aligned-center is-layout-flex wp-container-core-columns-is-layout-643ced6b wp-block-columns-is-layout-flex\">\n<div class=\"wp-block-column is-vertically-aligned-center is-layout-flow wp-block-column-is-layout-flow\">\n<figure class=\"wp-block-image size-full is-resized\"><img loading=\"lazy\" decoding=\"async\" width=\"400\" height=\"300\" src=\"https:\/\/www.mirjam-bucher-bauer.ch\/wp-content\/uploads\/2025\/10\/csm_IMG_1473_da14d0cabf.jpg\" alt=\"\" class=\"wp-image-122\" style=\"width:458px;height:auto\" srcset=\"https:\/\/www.mirjam-bucher-bauer.ch\/wp-content\/uploads\/2025\/10\/csm_IMG_1473_da14d0cabf.jpg 400w, https:\/\/www.mirjam-bucher-bauer.ch\/wp-content\/uploads\/2025\/10\/csm_IMG_1473_da14d0cabf-300x225.jpg 300w\" sizes=\"auto, (max-width: 400px) 100vw, 400px\" \/><\/figure>\n<\/div>\n\n\n\n<div class=\"wp-block-column is-vertically-aligned-center is-layout-flow wp-block-column-is-layout-flow\">\n<div class=\"wp-block-group is-vertical is-content-justification-stretch is-layout-flex wp-container-core-group-is-layout-353c4f5a wp-block-group-is-layout-flex\">\n<p class=\"has-text-align-left\"><\/p>\n\n\n\n<p>Das Geb\u00e4udeensemble mit Kapelle, Schloss und neueren Geb\u00e4udekomplexen ist seit 1889 in Familienbesitz und heute Privatklinik. Der weitl\u00e4ufige Park ist ein Zeuge langer Gartengeschichte und beinhaltet Elemente von der Sp\u00e4trenaissance bis zum Landschaftsgarten. 2009 erstellte Dr. Johannes Stoffler ein Parkpflegewerk, das der Pflege und Weiterentwicklung des 8ha grossen Parkes einen Rahmen gibt.&nbsp;<\/p>\n\n\n\n<p><\/p>\n<\/div>\n<\/div>\n<\/div>\n\n\n\n<p>Aufgabe: Gestaltung von Pflanzungen mit zeitgen\u00f6ssischem Charakter in historischer Umgebung. Pflanzplanung in mehreren Etappen im Innenhof der Klinik und beim sogenannten Ententeich als Bestandteile des Entwicklungskonzeptes.<\/p>\n\n\n\n<p>Erstellung der Pflanzungen: 2012, 2015<\/p>\n\n\n\n<p>Bauherrschaft: Klinik Schloss Mammern AG<\/p>\n\n\n\n<p>Gesamtplanung und Bauleitung Landschaftsarchitektur: Dr. Johannes Stoffler Landschaftsarchitekt BSLA, Z\u00fcrich (heute SMS Landschaftsarchitektur Stoffler Mennel Saur, Z\u00fcrich) + Lorenz Eugster Landschaftsarchitektur und St\u00e4dtebau GmbH, Z\u00fcrich<\/p>\n\n\n\n<figure class=\"wp-block-gallery has-nested-images columns-default is-cropped wp-block-gallery-2 is-layout-flex wp-block-gallery-is-layout-flex\">\n<figure class=\"wp-block-image size-full\"><img loading=\"lazy\" decoding=\"async\" width=\"400\" height=\"300\" data-id=\"124\" src=\"https:\/\/www.mirjam-bucher-bauer.ch\/wp-content\/uploads\/2025\/10\/csm_IMG_1473_da14d0cabf-1.jpg\" alt=\"\" class=\"wp-image-124\" srcset=\"https:\/\/www.mirjam-bucher-bauer.ch\/wp-content\/uploads\/2025\/10\/csm_IMG_1473_da14d0cabf-1.jpg 400w, https:\/\/www.mirjam-bucher-bauer.ch\/wp-content\/uploads\/2025\/10\/csm_IMG_1473_da14d0cabf-1-300x225.jpg 300w\" sizes=\"auto, (max-width: 400px) 100vw, 400px\" \/><\/figure>\n\n\n\n<figure class=\"wp-block-image size-large\"><img loading=\"lazy\" decoding=\"async\" width=\"400\" height=\"300\" data-id=\"123\" src=\"https:\/\/www.mirjam-bucher-bauer.ch\/wp-content\/uploads\/2025\/10\/csm_IMG_2945_3457c62a2b.jpg\" alt=\"\" class=\"wp-image-123\" srcset=\"https:\/\/www.mirjam-bucher-bauer.ch\/wp-content\/uploads\/2025\/10\/csm_IMG_2945_3457c62a2b.jpg 400w, https:\/\/www.mirjam-bucher-bauer.ch\/wp-content\/uploads\/2025\/10\/csm_IMG_2945_3457c62a2b-300x225.jpg 300w\" sizes=\"auto, (max-width: 400px) 100vw, 400px\" \/><\/figure>\n\n\n\n<figure class=\"wp-block-image size-large\"><img loading=\"lazy\" decoding=\"async\" width=\"400\" height=\"300\" data-id=\"125\" src=\"https:\/\/www.mirjam-bucher-bauer.ch\/wp-content\/uploads\/2025\/10\/csm_IMG_2946_5a3facf4ad.jpg\" alt=\"\" class=\"wp-image-125\" srcset=\"https:\/\/www.mirjam-bucher-bauer.ch\/wp-content\/uploads\/2025\/10\/csm_IMG_2946_5a3facf4ad.jpg 400w, https:\/\/www.mirjam-bucher-bauer.ch\/wp-content\/uploads\/2025\/10\/csm_IMG_2946_5a3facf4ad-300x225.jpg 300w\" sizes=\"auto, (max-width: 400px) 100vw, 400px\" \/><\/figure>\n\n\n\n<figure class=\"wp-block-image size-large\"><img loading=\"lazy\" decoding=\"async\" width=\"400\" height=\"300\" data-id=\"126\" src=\"https:\/\/www.mirjam-bucher-bauer.ch\/wp-content\/uploads\/2025\/10\/csm_IMG_2955_d380e52bb8.jpg\" alt=\"\" class=\"wp-image-126\" srcset=\"https:\/\/www.mirjam-bucher-bauer.ch\/wp-content\/uploads\/2025\/10\/csm_IMG_2955_d380e52bb8.jpg 400w, https:\/\/www.mirjam-bucher-bauer.ch\/wp-content\/uploads\/2025\/10\/csm_IMG_2955_d380e52bb8-300x225.jpg 300w\" sizes=\"auto, (max-width: 400px) 100vw, 400px\" \/><\/figure>\n\n\n\n<figure class=\"wp-block-image size-large\"><img loading=\"lazy\" decoding=\"async\" width=\"400\" height=\"300\" data-id=\"129\" src=\"https:\/\/www.mirjam-bucher-bauer.ch\/wp-content\/uploads\/2025\/10\/csm_IMG_5270_3200174b85.jpg\" alt=\"\" class=\"wp-image-129\" srcset=\"https:\/\/www.mirjam-bucher-bauer.ch\/wp-content\/uploads\/2025\/10\/csm_IMG_5270_3200174b85.jpg 400w, https:\/\/www.mirjam-bucher-bauer.ch\/wp-content\/uploads\/2025\/10\/csm_IMG_5270_3200174b85-300x225.jpg 300w\" sizes=\"auto, (max-width: 400px) 100vw, 400px\" \/><\/figure>\n\n\n\n<figure class=\"wp-block-image size-large\"><img loading=\"lazy\" decoding=\"async\" width=\"400\" height=\"300\" data-id=\"127\" src=\"https:\/\/www.mirjam-bucher-bauer.ch\/wp-content\/uploads\/2025\/10\/csm_IMG_5271_ffed9560f3.jpg\" alt=\"\" class=\"wp-image-127\" srcset=\"https:\/\/www.mirjam-bucher-bauer.ch\/wp-content\/uploads\/2025\/10\/csm_IMG_5271_ffed9560f3.jpg 400w, https:\/\/www.mirjam-bucher-bauer.ch\/wp-content\/uploads\/2025\/10\/csm_IMG_5271_ffed9560f3-300x225.jpg 300w\" sizes=\"auto, (max-width: 400px) 100vw, 400px\" \/><\/figure>\n\n\n\n<figure class=\"wp-block-image size-large\"><img loading=\"lazy\" decoding=\"async\" width=\"400\" height=\"300\" data-id=\"130\" src=\"https:\/\/www.mirjam-bucher-bauer.ch\/wp-content\/uploads\/2025\/10\/csm_IMG_5277_14bb5a16a7.jpg\" alt=\"\" class=\"wp-image-130\" srcset=\"https:\/\/www.mirjam-bucher-bauer.ch\/wp-content\/uploads\/2025\/10\/csm_IMG_5277_14bb5a16a7.jpg 400w, https:\/\/www.mirjam-bucher-bauer.ch\/wp-content\/uploads\/2025\/10\/csm_IMG_5277_14bb5a16a7-300x225.jpg 300w\" sizes=\"auto, (max-width: 400px) 100vw, 400px\" \/><\/figure>\n\n\n\n<figure class=\"wp-block-image size-large\"><img loading=\"lazy\" decoding=\"async\" width=\"400\" height=\"300\" data-id=\"128\" src=\"https:\/\/www.mirjam-bucher-bauer.ch\/wp-content\/uploads\/2025\/10\/csm_IMG_5278_dd7363d2c6.jpg\" alt=\"\" class=\"wp-image-128\" srcset=\"https:\/\/www.mirjam-bucher-bauer.ch\/wp-content\/uploads\/2025\/10\/csm_IMG_5278_dd7363d2c6.jpg 400w, https:\/\/www.mirjam-bucher-bauer.ch\/wp-content\/uploads\/2025\/10\/csm_IMG_5278_dd7363d2c6-300x225.jpg 300w\" sizes=\"auto, (max-width: 400px) 100vw, 400px\" \/><\/figure>\n\n\n\n<figure class=\"wp-block-image size-large\"><img loading=\"lazy\" decoding=\"async\" width=\"400\" height=\"300\" data-id=\"131\" src=\"https:\/\/www.mirjam-bucher-bauer.ch\/wp-content\/uploads\/2025\/10\/csm_IMG_5287_ba4e42942c.jpg\" alt=\"\" class=\"wp-image-131\" srcset=\"https:\/\/www.mirjam-bucher-bauer.ch\/wp-content\/uploads\/2025\/10\/csm_IMG_5287_ba4e42942c.jpg 400w, https:\/\/www.mirjam-bucher-bauer.ch\/wp-content\/uploads\/2025\/10\/csm_IMG_5287_ba4e42942c-300x225.jpg 300w\" sizes=\"auto, (max-width: 400px) 100vw, 400px\" \/><\/figure>\n\n\n\n<figure class=\"wp-block-image size-large\"><img loading=\"lazy\" decoding=\"async\" width=\"400\" height=\"300\" data-id=\"133\" src=\"https:\/\/www.mirjam-bucher-bauer.ch\/wp-content\/uploads\/2025\/10\/csm_Neuanpflanzung_Ententeich_1_327be2895b.jpg\" alt=\"\" class=\"wp-image-133\" srcset=\"https:\/\/www.mirjam-bucher-bauer.ch\/wp-content\/uploads\/2025\/10\/csm_Neuanpflanzung_Ententeich_1_327be2895b.jpg 400w, https:\/\/www.mirjam-bucher-bauer.ch\/wp-content\/uploads\/2025\/10\/csm_Neuanpflanzung_Ententeich_1_327be2895b-300x225.jpg 300w\" sizes=\"auto, (max-width: 400px) 100vw, 400px\" \/><\/figure>\n\n\n\n<figure class=\"wp-block-image size-large\"><img loading=\"lazy\" decoding=\"async\" width=\"400\" height=\"300\" data-id=\"132\" src=\"https:\/\/www.mirjam-bucher-bauer.ch\/wp-content\/uploads\/2025\/10\/csm_Neuanpflanzung_Ententeich_2_473d26dc01.jpg\" alt=\"\" class=\"wp-image-132\" srcset=\"https:\/\/www.mirjam-bucher-bauer.ch\/wp-content\/uploads\/2025\/10\/csm_Neuanpflanzung_Ententeich_2_473d26dc01.jpg 400w, https:\/\/www.mirjam-bucher-bauer.ch\/wp-content\/uploads\/2025\/10\/csm_Neuanpflanzung_Ententeich_2_473d26dc01-300x225.jpg 300w\" sizes=\"auto, (max-width: 400px) 100vw, 400px\" \/><\/figure>\n\n\n\n<figure class=\"wp-block-image size-large\"><img loading=\"lazy\" decoding=\"async\" width=\"400\" height=\"300\" data-id=\"134\" src=\"https:\/\/www.mirjam-bucher-bauer.ch\/wp-content\/uploads\/2025\/10\/csm_Neuanpflanzung_Ententeich_3_a7ab820fd5.jpg\" alt=\"\" class=\"wp-image-134\" srcset=\"https:\/\/www.mirjam-bucher-bauer.ch\/wp-content\/uploads\/2025\/10\/csm_Neuanpflanzung_Ententeich_3_a7ab820fd5.jpg 400w, https:\/\/www.mirjam-bucher-bauer.ch\/wp-content\/uploads\/2025\/10\/csm_Neuanpflanzung_Ententeich_3_a7ab820fd5-300x225.jpg 300w\" sizes=\"auto, (max-width: 400px) 100vw, 400px\" \/><\/figure>\n\n\n\n<figure class=\"wp-block-image size-large\"><img loading=\"lazy\" decoding=\"async\" width=\"400\" height=\"300\" data-id=\"136\" src=\"https:\/\/www.mirjam-bucher-bauer.ch\/wp-content\/uploads\/2025\/10\/csm_Neuanpflanzung_Ententeich_4_50443c33dd.jpg\" alt=\"\" class=\"wp-image-136\" srcset=\"https:\/\/www.mirjam-bucher-bauer.ch\/wp-content\/uploads\/2025\/10\/csm_Neuanpflanzung_Ententeich_4_50443c33dd.jpg 400w, https:\/\/www.mirjam-bucher-bauer.ch\/wp-content\/uploads\/2025\/10\/csm_Neuanpflanzung_Ententeich_4_50443c33dd-300x225.jpg 300w\" sizes=\"auto, (max-width: 400px) 100vw, 400px\" \/><\/figure>\n\n\n\n<figure class=\"wp-block-image size-large\"><img loading=\"lazy\" decoding=\"async\" width=\"400\" height=\"300\" data-id=\"135\" src=\"https:\/\/www.mirjam-bucher-bauer.ch\/wp-content\/uploads\/2025\/10\/csm_Neuanpflanzung_Ententeich_5_2b508968eb.jpg\" alt=\"\" class=\"wp-image-135\" srcset=\"https:\/\/www.mirjam-bucher-bauer.ch\/wp-content\/uploads\/2025\/10\/csm_Neuanpflanzung_Ententeich_5_2b508968eb.jpg 400w, https:\/\/www.mirjam-bucher-bauer.ch\/wp-content\/uploads\/2025\/10\/csm_Neuanpflanzung_Ententeich_5_2b508968eb-300x225.jpg 300w\" sizes=\"auto, (max-width: 400px) 100vw, 400px\" \/><\/figure>\n\n\n\n<figure class=\"wp-block-image size-large\"><img loading=\"lazy\" decoding=\"async\" width=\"400\" height=\"300\" data-id=\"137\" src=\"https:\/\/www.mirjam-bucher-bauer.ch\/wp-content\/uploads\/2025\/10\/csm_Neuanpflanzung_Ententeich_6_37064cb7e4.jpg\" alt=\"\" class=\"wp-image-137\" srcset=\"https:\/\/www.mirjam-bucher-bauer.ch\/wp-content\/uploads\/2025\/10\/csm_Neuanpflanzung_Ententeich_6_37064cb7e4.jpg 400w, https:\/\/www.mirjam-bucher-bauer.ch\/wp-content\/uploads\/2025\/10\/csm_Neuanpflanzung_Ententeich_6_37064cb7e4-300x225.jpg 300w\" sizes=\"auto, (max-width: 400px) 100vw, 400px\" \/><\/figure>\n\n\n\n<figure class=\"wp-block-image size-large\"><img loading=\"lazy\" decoding=\"async\" width=\"400\" height=\"300\" data-id=\"140\" src=\"https:\/\/www.mirjam-bucher-bauer.ch\/wp-content\/uploads\/2025\/10\/csm_Neuanpflanzung_Ententeich_16cdde975e.jpg\" alt=\"\" class=\"wp-image-140\" srcset=\"https:\/\/www.mirjam-bucher-bauer.ch\/wp-content\/uploads\/2025\/10\/csm_Neuanpflanzung_Ententeich_16cdde975e.jpg 400w, https:\/\/www.mirjam-bucher-bauer.ch\/wp-content\/uploads\/2025\/10\/csm_Neuanpflanzung_Ententeich_16cdde975e-300x225.jpg 300w\" sizes=\"auto, (max-width: 400px) 100vw, 400px\" \/><\/figure>\n\n\n\n<figure class=\"wp-block-image size-large\"><img loading=\"lazy\" decoding=\"async\" width=\"400\" height=\"300\" data-id=\"139\" src=\"https:\/\/www.mirjam-bucher-bauer.ch\/wp-content\/uploads\/2025\/10\/csm_Sanierung_Ententeich_Bauarbeiten_1_097b93351a.jpg\" alt=\"\" class=\"wp-image-139\" srcset=\"https:\/\/www.mirjam-bucher-bauer.ch\/wp-content\/uploads\/2025\/10\/csm_Sanierung_Ententeich_Bauarbeiten_1_097b93351a.jpg 400w, https:\/\/www.mirjam-bucher-bauer.ch\/wp-content\/uploads\/2025\/10\/csm_Sanierung_Ententeich_Bauarbeiten_1_097b93351a-300x225.jpg 300w\" sizes=\"auto, (max-width: 400px) 100vw, 400px\" \/><\/figure>\n\n\n\n<figure class=\"wp-block-image size-large\"><img loading=\"lazy\" decoding=\"async\" width=\"400\" height=\"300\" data-id=\"138\" src=\"https:\/\/www.mirjam-bucher-bauer.ch\/wp-content\/uploads\/2025\/10\/csm_Sanierung_Ententeich_Bauarbeiten_2_0d6ea4a88b.jpg\" alt=\"\" class=\"wp-image-138\" srcset=\"https:\/\/www.mirjam-bucher-bauer.ch\/wp-content\/uploads\/2025\/10\/csm_Sanierung_Ententeich_Bauarbeiten_2_0d6ea4a88b.jpg 400w, https:\/\/www.mirjam-bucher-bauer.ch\/wp-content\/uploads\/2025\/10\/csm_Sanierung_Ententeich_Bauarbeiten_2_0d6ea4a88b-300x225.jpg 300w\" sizes=\"auto, (max-width: 400px) 100vw, 400px\" \/><\/figure>\n<\/figure>\n<\/div>\n","protected":false},"excerpt":{"rendered":"<p>Das Geb\u00e4udeensemble mit Kapelle, Schloss und neueren Geb\u00e4udekomplexen ist seit 1889 in Familienbesitz und heute Privatklinik. Der weitl\u00e4ufige Park ist ein Zeuge langer Gartengeschichte und beinhaltet Elemente von der Sp\u00e4trenaissance bis zum Landschaftsgarten. 2009 erstellte Dr. Johannes Stoffler ein Parkpflegewerk, das der Pflege und Weiterentwicklung des 8ha grossen Parkes einen Rahmen gibt.&nbsp; Aufgabe: Gestaltung von [&hellip;]<\/p>\n","protected":false},"author":1,"featured_media":0,"parent":0,"menu_order":0,"comment_status":"closed","ping_status":"closed","template":"","meta":{"footnotes":""},"class_list":["post-91","page","type-page","status-publish","hentry"],"_links":{"self":[{"href":"https:\/\/www.mirjam-bucher-bauer.ch\/index.php\/wp-json\/wp\/v2\/pages\/91","targetHints":{"allow":["GET"]}}],"collection":[{"href":"https:\/\/www.mirjam-bucher-bauer.ch\/index.php\/wp-json\/wp\/v2\/pages"}],"about":[{"href":"https:\/\/www.mirjam-bucher-bauer.ch\/index.php\/wp-json\/wp\/v2\/types\/page"}],"author":[{"embeddable":true,"href":"https:\/\/www.mirjam-bucher-bauer.ch\/index.php\/wp-json\/wp\/v2\/users\/1"}],"replies":[{"embeddable":true,"href":"https:\/\/www.mirjam-bucher-bauer.ch\/index.php\/wp-json\/wp\/v2\/comments?post=91"}],"version-history":[{"count":3,"href":"https:\/\/www.mirjam-bucher-bauer.ch\/index.php\/wp-json\/wp\/v2\/pages\/91\/revisions"}],"predecessor-version":[{"id":142,"href":"https:\/\/www.mirjam-bucher-bauer.ch\/index.php\/wp-json\/wp\/v2\/pages\/91\/revisions\/142"}],"wp:attachment":[{"href":"https:\/\/www.mirjam-bucher-bauer.ch\/index.php\/wp-json\/wp\/v2\/media?parent=91"}],"curies":[{"name":"wp","href":"https:\/\/api.w.org\/{rel}","templated":true}]}}