{"id":12,"date":"2025-10-09T07:12:18","date_gmt":"2025-10-09T07:12:18","guid":{"rendered":"https:\/\/mirjam-bucher-bauer.ch\/?page_id=12"},"modified":"2025-10-09T13:58:05","modified_gmt":"2025-10-09T13:58:05","slug":"pflanzen","status":"publish","type":"page","link":"https:\/\/www.mirjam-bucher-bauer.ch\/index.php\/pflanzen\/","title":{"rendered":"Pflanzen"},"content":{"rendered":"\n<div class=\"wp-block-cover alignfull is-light has-custom-content-position is-position-top-left has-contrast-color has-text-color has-link-color wp-elements-b23189ace8c4b39c6578be56bbccea32\" style=\"margin-top:0;margin-bottom:0;padding-top:var(--wp--preset--spacing--60);padding-right:var(--wp--preset--spacing--50);padding-bottom:var(--wp--preset--spacing--60);padding-left:var(--wp--preset--spacing--50)\"><span aria-hidden=\"true\" class=\"wp-block-cover__background has-base-background-color has-background-dim-100 has-background-dim\"><\/span><div class=\"wp-block-cover__inner-container has-global-padding is-layout-constrained wp-container-core-cover-is-layout-9c92e595 wp-block-cover-is-layout-constrained\">\n<div class=\"wp-block-columns alignwide is-layout-flex wp-container-core-columns-is-layout-7ee84d44 wp-block-columns-is-layout-flex\">\n<div class=\"wp-block-column is-layout-flow wp-block-column-is-layout-flow\" style=\"flex-basis:50%\">\n<div class=\"wp-block-group is-vertical is-content-justification-stretch is-layout-flex wp-container-core-group-is-layout-353c4f5a wp-block-group-is-layout-flex\">\n<h2 class=\"wp-block-heading has-text-align-left\" style=\"font-size:clamp(2.629rem, 2.629rem + ((1vw - 0.2rem) * 3.719), 5rem);font-style:normal;font-weight:300;letter-spacing:-0.03em;line-height:1.4\">Pflanzen &#8211; ein Kulturgut!<\/h2>\n\n\n\n<p class=\"has-text-align-left\"><br>Die Suche nach den \u201esch\u00f6nsten und besten\u201c Pflanzen ist als kulturelle Leistung zu sehen, historisch, g\u00e4rtnerisch, gartenk\u00fcnstlerisch. Der Pflanzenverwendung im Besonderen schenken wir viel Aufmerksamkeit, denn sie ist das sensibelste und durchaus fl\u00fcchtigste Element einer Gartensch\u00f6pfung.&nbsp;<br>Ob pers\u00f6nliche, thematische oder gartendenkmalpflegerische Gesichtspunkte einer Pflanzplanung zu Grunde liegen, es ist immer auf\u00b4s Neue eine spannende Herausforderung.<\/p>\n\n\n\n<p class=\"has-text-align-left\"><\/p>\n<\/div>\n<\/div>\n\n\n\n<div class=\"wp-block-column is-style-default has-global-padding is-content-justification-center is-layout-constrained wp-block-column-is-layout-constrained\" style=\"flex-basis:60%\">\n<figure class=\"wp-block-gallery has-nested-images columns-default is-cropped wp-block-gallery-1 is-layout-flex wp-block-gallery-is-layout-flex\">\n<figure class=\"wp-block-image size-large\"><img loading=\"lazy\" decoding=\"async\" width=\"1024\" height=\"683\" data-id=\"77\" src=\"https:\/\/www.mirjam-bucher-bauer.ch\/wp-content\/uploads\/2025\/10\/Salvia_greggiiHot_LipsundBuddlejaglobosa_01-1024x683.jpg\" alt=\"\" class=\"wp-image-77\" srcset=\"https:\/\/www.mirjam-bucher-bauer.ch\/wp-content\/uploads\/2025\/10\/Salvia_greggiiHot_LipsundBuddlejaglobosa_01-1024x683.jpg 1024w, https:\/\/www.mirjam-bucher-bauer.ch\/wp-content\/uploads\/2025\/10\/Salvia_greggiiHot_LipsundBuddlejaglobosa_01-300x200.jpg 300w, https:\/\/www.mirjam-bucher-bauer.ch\/wp-content\/uploads\/2025\/10\/Salvia_greggiiHot_LipsundBuddlejaglobosa_01-768x512.jpg 768w, https:\/\/www.mirjam-bucher-bauer.ch\/wp-content\/uploads\/2025\/10\/Salvia_greggiiHot_LipsundBuddlejaglobosa_01-1536x1024.jpg 1536w, https:\/\/www.mirjam-bucher-bauer.ch\/wp-content\/uploads\/2025\/10\/Salvia_greggiiHot_LipsundBuddlejaglobosa_01-2048x1365.jpg 2048w\" sizes=\"auto, (max-width: 1024px) 100vw, 1024px\" \/><\/figure>\n\n\n\n<figure class=\"wp-block-image size-large\"><img loading=\"lazy\" decoding=\"async\" width=\"1024\" height=\"683\" data-id=\"70\" src=\"https:\/\/www.mirjam-bucher-bauer.ch\/wp-content\/uploads\/2025\/10\/Thalictrum_und_Veronicastrum_01-1024x683.jpg\" alt=\"\" class=\"wp-image-70\" srcset=\"https:\/\/www.mirjam-bucher-bauer.ch\/wp-content\/uploads\/2025\/10\/Thalictrum_und_Veronicastrum_01-1024x683.jpg 1024w, https:\/\/www.mirjam-bucher-bauer.ch\/wp-content\/uploads\/2025\/10\/Thalictrum_und_Veronicastrum_01-300x200.jpg 300w, https:\/\/www.mirjam-bucher-bauer.ch\/wp-content\/uploads\/2025\/10\/Thalictrum_und_Veronicastrum_01-768x512.jpg 768w, https:\/\/www.mirjam-bucher-bauer.ch\/wp-content\/uploads\/2025\/10\/Thalictrum_und_Veronicastrum_01-1536x1024.jpg 1536w, https:\/\/www.mirjam-bucher-bauer.ch\/wp-content\/uploads\/2025\/10\/Thalictrum_und_Veronicastrum_01-2048x1366.jpg 2048w\" sizes=\"auto, (max-width: 1024px) 100vw, 1024px\" \/><\/figure>\n\n\n\n<figure class=\"wp-block-image size-large\"><img loading=\"lazy\" decoding=\"async\" width=\"1024\" height=\"683\" data-id=\"74\" src=\"https:\/\/www.mirjam-bucher-bauer.ch\/wp-content\/uploads\/2025\/10\/Vom_Papier_zum_Garten_2_01-1024x683.jpg\" alt=\"\" class=\"wp-image-74\" srcset=\"https:\/\/www.mirjam-bucher-bauer.ch\/wp-content\/uploads\/2025\/10\/Vom_Papier_zum_Garten_2_01-1024x683.jpg 1024w, https:\/\/www.mirjam-bucher-bauer.ch\/wp-content\/uploads\/2025\/10\/Vom_Papier_zum_Garten_2_01-300x200.jpg 300w, https:\/\/www.mirjam-bucher-bauer.ch\/wp-content\/uploads\/2025\/10\/Vom_Papier_zum_Garten_2_01-768x512.jpg 768w, https:\/\/www.mirjam-bucher-bauer.ch\/wp-content\/uploads\/2025\/10\/Vom_Papier_zum_Garten_2_01-1536x1024.jpg 1536w, https:\/\/www.mirjam-bucher-bauer.ch\/wp-content\/uploads\/2025\/10\/Vom_Papier_zum_Garten_2_01-2048x1365.jpg 2048w\" sizes=\"auto, (max-width: 1024px) 100vw, 1024px\" \/><\/figure>\n\n\n\n<figure class=\"wp-block-image size-large\"><img loading=\"lazy\" decoding=\"async\" width=\"1024\" height=\"683\" data-id=\"87\" src=\"https:\/\/www.mirjam-bucher-bauer.ch\/wp-content\/uploads\/2025\/10\/Vom_Papier_zum_Garten_1_01-2-1024x683.jpg\" alt=\"\" class=\"wp-image-87\" srcset=\"https:\/\/www.mirjam-bucher-bauer.ch\/wp-content\/uploads\/2025\/10\/Vom_Papier_zum_Garten_1_01-2-1024x683.jpg 1024w, https:\/\/www.mirjam-bucher-bauer.ch\/wp-content\/uploads\/2025\/10\/Vom_Papier_zum_Garten_1_01-2-300x200.jpg 300w, https:\/\/www.mirjam-bucher-bauer.ch\/wp-content\/uploads\/2025\/10\/Vom_Papier_zum_Garten_1_01-2-768x512.jpg 768w, https:\/\/www.mirjam-bucher-bauer.ch\/wp-content\/uploads\/2025\/10\/Vom_Papier_zum_Garten_1_01-2-1536x1024.jpg 1536w, https:\/\/www.mirjam-bucher-bauer.ch\/wp-content\/uploads\/2025\/10\/Vom_Papier_zum_Garten_1_01-2-2048x1365.jpg 2048w\" sizes=\"auto, (max-width: 1024px) 100vw, 1024px\" \/><\/figure>\n\n\n\n<figure class=\"wp-block-image size-large\"><img loading=\"lazy\" decoding=\"async\" width=\"852\" height=\"1024\" data-id=\"71\" src=\"https:\/\/www.mirjam-bucher-bauer.ch\/wp-content\/uploads\/2025\/10\/Von_der_Pflanze_aufs_Papier_2_01-852x1024.jpg\" alt=\"\" class=\"wp-image-71\" srcset=\"https:\/\/www.mirjam-bucher-bauer.ch\/wp-content\/uploads\/2025\/10\/Von_der_Pflanze_aufs_Papier_2_01-852x1024.jpg 852w, https:\/\/www.mirjam-bucher-bauer.ch\/wp-content\/uploads\/2025\/10\/Von_der_Pflanze_aufs_Papier_2_01-250x300.jpg 250w, https:\/\/www.mirjam-bucher-bauer.ch\/wp-content\/uploads\/2025\/10\/Von_der_Pflanze_aufs_Papier_2_01-768x923.jpg 768w, https:\/\/www.mirjam-bucher-bauer.ch\/wp-content\/uploads\/2025\/10\/Von_der_Pflanze_aufs_Papier_2_01-1278x1536.jpg 1278w, https:\/\/www.mirjam-bucher-bauer.ch\/wp-content\/uploads\/2025\/10\/Von_der_Pflanze_aufs_Papier_2_01-1704x2048.jpg 1704w\" sizes=\"auto, (max-width: 852px) 100vw, 852px\" \/><\/figure>\n<\/figure>\n\n\n\n<figure class=\"wp-block-gallery has-nested-images columns-default is-cropped wp-block-gallery-2 is-layout-flex wp-block-gallery-is-layout-flex\">\n<figure class=\"wp-block-image size-large\"><img loading=\"lazy\" decoding=\"async\" width=\"1024\" height=\"683\" data-id=\"81\" src=\"https:\/\/www.mirjam-bucher-bauer.ch\/wp-content\/uploads\/2025\/10\/IrisEdithWolford_01-1-1024x683.jpg\" alt=\"\" class=\"wp-image-81\" srcset=\"https:\/\/www.mirjam-bucher-bauer.ch\/wp-content\/uploads\/2025\/10\/IrisEdithWolford_01-1-1024x683.jpg 1024w, https:\/\/www.mirjam-bucher-bauer.ch\/wp-content\/uploads\/2025\/10\/IrisEdithWolford_01-1-300x200.jpg 300w, https:\/\/www.mirjam-bucher-bauer.ch\/wp-content\/uploads\/2025\/10\/IrisEdithWolford_01-1-768x512.jpg 768w, https:\/\/www.mirjam-bucher-bauer.ch\/wp-content\/uploads\/2025\/10\/IrisEdithWolford_01-1-1536x1024.jpg 1536w, https:\/\/www.mirjam-bucher-bauer.ch\/wp-content\/uploads\/2025\/10\/IrisEdithWolford_01-1-2048x1365.jpg 2048w\" sizes=\"auto, (max-width: 1024px) 100vw, 1024px\" \/><\/figure>\n\n\n\n<figure class=\"wp-block-image size-large\"><img loading=\"lazy\" decoding=\"async\" width=\"1024\" height=\"683\" data-id=\"85\" src=\"https:\/\/www.mirjam-bucher-bauer.ch\/wp-content\/uploads\/2025\/10\/Akeleien-Reigen_01-1-1024x683.jpg\" alt=\"\" class=\"wp-image-85\" srcset=\"https:\/\/www.mirjam-bucher-bauer.ch\/wp-content\/uploads\/2025\/10\/Akeleien-Reigen_01-1-1024x683.jpg 1024w, https:\/\/www.mirjam-bucher-bauer.ch\/wp-content\/uploads\/2025\/10\/Akeleien-Reigen_01-1-300x200.jpg 300w, https:\/\/www.mirjam-bucher-bauer.ch\/wp-content\/uploads\/2025\/10\/Akeleien-Reigen_01-1-768x512.jpg 768w, https:\/\/www.mirjam-bucher-bauer.ch\/wp-content\/uploads\/2025\/10\/Akeleien-Reigen_01-1-1536x1024.jpg 1536w, https:\/\/www.mirjam-bucher-bauer.ch\/wp-content\/uploads\/2025\/10\/Akeleien-Reigen_01-1-2048x1365.jpg 2048w\" sizes=\"auto, (max-width: 1024px) 100vw, 1024px\" \/><\/figure>\n\n\n\n<figure class=\"wp-block-image size-large\"><img loading=\"lazy\" decoding=\"async\" width=\"1024\" height=\"683\" data-id=\"82\" src=\"https:\/\/www.mirjam-bucher-bauer.ch\/wp-content\/uploads\/2025\/10\/Vom_Papier_zum_Garten_2_01-1-1024x683.jpg\" alt=\"\" class=\"wp-image-82\" srcset=\"https:\/\/www.mirjam-bucher-bauer.ch\/wp-content\/uploads\/2025\/10\/Vom_Papier_zum_Garten_2_01-1-1024x683.jpg 1024w, https:\/\/www.mirjam-bucher-bauer.ch\/wp-content\/uploads\/2025\/10\/Vom_Papier_zum_Garten_2_01-1-300x200.jpg 300w, https:\/\/www.mirjam-bucher-bauer.ch\/wp-content\/uploads\/2025\/10\/Vom_Papier_zum_Garten_2_01-1-768x512.jpg 768w, https:\/\/www.mirjam-bucher-bauer.ch\/wp-content\/uploads\/2025\/10\/Vom_Papier_zum_Garten_2_01-1-1536x1024.jpg 1536w, https:\/\/www.mirjam-bucher-bauer.ch\/wp-content\/uploads\/2025\/10\/Vom_Papier_zum_Garten_2_01-1-2048x1365.jpg 2048w\" sizes=\"auto, (max-width: 1024px) 100vw, 1024px\" \/><\/figure>\n<\/figure>\n<\/div>\n<\/div>\n<\/div><\/div>\n\n\n\n<ul class=\"wp-block-list\">\n<li><a href=\"https:\/\/www.mirjam-bucher-bauer.ch\/index.php\/garten-museum-haus-dix\/\" data-type=\"page\" data-id=\"89\">Garten Museum Haus Dix, D-Hemmenhofen<\/a><\/li>\n\n\n\n<li><a href=\"https:\/\/www.mirjam-bucher-bauer.ch\/index.php\/klinik-schloss-mammern\/\" data-type=\"page\" data-id=\"91\">Klinik Schloss Mammern, Mammern<\/a><\/li>\n\n\n\n<li><a href=\"https:\/\/www.mirjam-bucher-bauer.ch\/index.php\/senkgarten-museum-fuer-gestaltung\/\" data-type=\"page\" data-id=\"93\">Senkgarten Museum f\u00fcr Gestaltung, Z\u00fcrich (vormals Kunstgewerbeschule)<\/a><\/li>\n\n\n\n<li><a href=\"https:\/\/www.mirjam-bucher-bauer.ch\/index.php\/eth-hoenggerberg\/\" data-type=\"page\" data-id=\"95\">ETH H\u00f6nggerberg<\/a><\/li>\n<\/ul>\n\n\n\n<p><\/p>\n","protected":false},"excerpt":{"rendered":"","protected":false},"author":1,"featured_media":0,"parent":0,"menu_order":0,"comment_status":"closed","ping_status":"closed","template":"","meta":{"footnotes":""},"class_list":["post-12","page","type-page","status-publish","hentry"],"_links":{"self":[{"href":"https:\/\/www.mirjam-bucher-bauer.ch\/index.php\/wp-json\/wp\/v2\/pages\/12","targetHints":{"allow":["GET"]}}],"collection":[{"href":"https:\/\/www.mirjam-bucher-bauer.ch\/index.php\/wp-json\/wp\/v2\/pages"}],"about":[{"href":"https:\/\/www.mirjam-bucher-bauer.ch\/index.php\/wp-json\/wp\/v2\/types\/page"}],"author":[{"embeddable":true,"href":"https:\/\/www.mirjam-bucher-bauer.ch\/index.php\/wp-json\/wp\/v2\/users\/1"}],"replies":[{"embeddable":true,"href":"https:\/\/www.mirjam-bucher-bauer.ch\/index.php\/wp-json\/wp\/v2\/comments?post=12"}],"version-history":[{"count":5,"href":"https:\/\/www.mirjam-bucher-bauer.ch\/index.php\/wp-json\/wp\/v2\/pages\/12\/revisions"}],"predecessor-version":[{"id":233,"href":"https:\/\/www.mirjam-bucher-bauer.ch\/index.php\/wp-json\/wp\/v2\/pages\/12\/revisions\/233"}],"wp:attachment":[{"href":"https:\/\/www.mirjam-bucher-bauer.ch\/index.php\/wp-json\/wp\/v2\/media?parent=12"}],"curies":[{"name":"wp","href":"https:\/\/api.w.org\/{rel}","templated":true}]}}