{"id":10,"date":"2025-10-09T07:11:40","date_gmt":"2025-10-09T07:11:40","guid":{"rendered":"https:\/\/mirjam-bucher-bauer.ch\/?page_id=10"},"modified":"2025-10-09T13:54:48","modified_gmt":"2025-10-09T13:54:48","slug":"garten","status":"publish","type":"page","link":"https:\/\/www.mirjam-bucher-bauer.ch\/index.php\/garten\/","title":{"rendered":"Garten"},"content":{"rendered":"\n<div class=\"wp-block-cover alignfull is-light has-contrast-color has-text-color has-link-color wp-elements-396eec325961ca5ad65da380d5fb6c88\" style=\"margin-top:0;margin-bottom:0;padding-top:var(--wp--preset--spacing--60);padding-right:var(--wp--preset--spacing--50);padding-bottom:var(--wp--preset--spacing--60);padding-left:var(--wp--preset--spacing--50);min-height:895px;aspect-ratio:unset;\"><span aria-hidden=\"true\" class=\"wp-block-cover__background has-base-background-color has-background-dim-100 has-background-dim\"><\/span><div class=\"wp-block-cover__inner-container has-global-padding is-layout-constrained wp-container-core-cover-is-layout-873ee6b1 wp-block-cover-is-layout-constrained\">\n<div class=\"wp-block-columns alignwide is-layout-flex wp-container-core-columns-is-layout-7ee84d44 wp-block-columns-is-layout-flex\">\n<div class=\"wp-block-column is-layout-flow wp-block-column-is-layout-flow\" style=\"flex-basis:50%\">\n<div class=\"wp-block-group is-vertical is-content-justification-stretch is-layout-flex wp-container-core-group-is-layout-353c4f5a wp-block-group-is-layout-flex\">\n<h2 class=\"wp-block-heading has-text-align-left\" style=\"font-size:clamp(2.629rem, 2.629rem + ((1vw - 0.2rem) * 3.719), 5rem);font-style:normal;font-weight:300;letter-spacing:-0.03em;line-height:1.4\">Der Garten &#8211; eine Kulturleistung!<\/h2>\n\n\n\n<p class=\"is-style-text-subtitle is-style-text-subtitle--1\"><br>Als Ganzes und jedes Bestandteil f\u00fcr sich. Entwurfsidee, handwerkliche Umsetzung und kontinuierliche Pflege k\u00f6nnen aus einem Garten ein Gesamtkunstwerk erwachsen lassen. Ein Werk, das \u00fcber seine rein funktionale Ebene hinaus wertvoll ist.<\/p>\n<\/div>\n<\/div>\n\n\n\n<div class=\"wp-block-column is-layout-flow wp-block-column-is-layout-flow\" style=\"flex-basis:50%\">\n<figure class=\"wp-block-gallery has-nested-images columns-1 is-cropped wp-block-gallery-2 is-layout-flex wp-block-gallery-is-layout-flex\">\n<figure class=\"wp-block-image size-large is-style-rounded\"><img loading=\"lazy\" decoding=\"async\" width=\"1024\" height=\"683\" data-id=\"29\" src=\"https:\/\/www.mirjam-bucher-bauer.ch\/wp-content\/uploads\/2025\/10\/Pflanzen_als_Skulptur-2-1024x683.jpg\" alt=\"\" class=\"wp-image-29\" srcset=\"https:\/\/www.mirjam-bucher-bauer.ch\/wp-content\/uploads\/2025\/10\/Pflanzen_als_Skulptur-2-1024x683.jpg 1024w, https:\/\/www.mirjam-bucher-bauer.ch\/wp-content\/uploads\/2025\/10\/Pflanzen_als_Skulptur-2-300x200.jpg 300w, https:\/\/www.mirjam-bucher-bauer.ch\/wp-content\/uploads\/2025\/10\/Pflanzen_als_Skulptur-2-768x512.jpg 768w, https:\/\/www.mirjam-bucher-bauer.ch\/wp-content\/uploads\/2025\/10\/Pflanzen_als_Skulptur-2-1536x1024.jpg 1536w, https:\/\/www.mirjam-bucher-bauer.ch\/wp-content\/uploads\/2025\/10\/Pflanzen_als_Skulptur-2-2048x1366.jpg 2048w\" sizes=\"auto, (max-width: 1024px) 100vw, 1024px\" \/><\/figure>\n\n\n\n<figure class=\"wp-block-image size-large is-style-rounded\"><img loading=\"lazy\" decoding=\"async\" width=\"1024\" height=\"656\" data-id=\"28\" src=\"https:\/\/www.mirjam-bucher-bauer.ch\/wp-content\/uploads\/2025\/10\/Sanguisorba-Spiegel-1-1024x656.jpg\" alt=\"\" class=\"wp-image-28\" srcset=\"https:\/\/www.mirjam-bucher-bauer.ch\/wp-content\/uploads\/2025\/10\/Sanguisorba-Spiegel-1-1024x656.jpg 1024w, https:\/\/www.mirjam-bucher-bauer.ch\/wp-content\/uploads\/2025\/10\/Sanguisorba-Spiegel-1-300x192.jpg 300w, https:\/\/www.mirjam-bucher-bauer.ch\/wp-content\/uploads\/2025\/10\/Sanguisorba-Spiegel-1-768x492.jpg 768w, https:\/\/www.mirjam-bucher-bauer.ch\/wp-content\/uploads\/2025\/10\/Sanguisorba-Spiegel-1-1536x984.jpg 1536w, https:\/\/www.mirjam-bucher-bauer.ch\/wp-content\/uploads\/2025\/10\/Sanguisorba-Spiegel-1.jpg 1729w\" sizes=\"auto, (max-width: 1024px) 100vw, 1024px\" \/><\/figure>\n<\/figure>\n<\/div>\n<\/div>\n<\/div><\/div>\n\n\n\n<ul class=\"wp-block-list\">\n<li>Garten Museum Dix <\/li>\n\n\n\n<li>Schlossklinik Mammern <\/li>\n\n\n\n<li>Privatg\u00e4rten <\/li>\n\n\n\n<li><a href=\"https:\/\/www.mirjam-bucher-bauer.ch\/index.php\/garten-m\/\" data-type=\"page\" data-id=\"36\">Garten M<\/a><\/li>\n\n\n\n<li><a href=\"https:\/\/www.mirjam-bucher-bauer.ch\/index.php\/garten-p\/\" data-type=\"page\" data-id=\"38\">Garten P<\/a><\/li>\n\n\n\n<li><a href=\"https:\/\/www.mirjam-bucher-bauer.ch\/index.php\/garten-b\/\" data-type=\"page\" data-id=\"40\">Garten B<\/a><\/li>\n<\/ul>\n\n\n\n<p><\/p>\n","protected":false},"excerpt":{"rendered":"","protected":false},"author":1,"featured_media":0,"parent":0,"menu_order":0,"comment_status":"closed","ping_status":"closed","template":"","meta":{"footnotes":""},"class_list":["post-10","page","type-page","status-publish","hentry"],"_links":{"self":[{"href":"https:\/\/www.mirjam-bucher-bauer.ch\/index.php\/wp-json\/wp\/v2\/pages\/10","targetHints":{"allow":["GET"]}}],"collection":[{"href":"https:\/\/www.mirjam-bucher-bauer.ch\/index.php\/wp-json\/wp\/v2\/pages"}],"about":[{"href":"https:\/\/www.mirjam-bucher-bauer.ch\/index.php\/wp-json\/wp\/v2\/types\/page"}],"author":[{"embeddable":true,"href":"https:\/\/www.mirjam-bucher-bauer.ch\/index.php\/wp-json\/wp\/v2\/users\/1"}],"replies":[{"embeddable":true,"href":"https:\/\/www.mirjam-bucher-bauer.ch\/index.php\/wp-json\/wp\/v2\/comments?post=10"}],"version-history":[{"count":9,"href":"https:\/\/www.mirjam-bucher-bauer.ch\/index.php\/wp-json\/wp\/v2\/pages\/10\/revisions"}],"predecessor-version":[{"id":232,"href":"https:\/\/www.mirjam-bucher-bauer.ch\/index.php\/wp-json\/wp\/v2\/pages\/10\/revisions\/232"}],"wp:attachment":[{"href":"https:\/\/www.mirjam-bucher-bauer.ch\/index.php\/wp-json\/wp\/v2\/media?parent=10"}],"curies":[{"name":"wp","href":"https:\/\/api.w.org\/{rel}","templated":true}]}}